{"id":18122,"date":"2016-03-10T18:52:12","date_gmt":"2016-03-10T18:52:12","guid":{"rendered":"https:\/\/jurarealestate.com\/privatumo-politika\/"},"modified":"2024-07-02T11:47:53","modified_gmt":"2024-07-02T11:47:53","slug":"privatumo-politika","status":"publish","type":"page","link":"https:\/\/jurarealestate.com\/lt\/privatumo-politika\/","title":{"rendered":"Privatumo politika"},"content":{"rendered":"\t\t<div data-elementor-type=\"wp-page\" data-elementor-id=\"18122\" class=\"elementor elementor-18122 elementor-748\">\n\t\t\t\t<div class=\"elementor-element elementor-element-4af83d87 e-flex e-con-boxed e-con e-parent\" data-id=\"4af83d87\" data-element_type=\"container\" data-e-type=\"container\">\n\t\t\t\t\t<div class=\"e-con-inner\">\n\t\t\t\t<div class=\"elementor-element elementor-element-2cc20219 elementor-widget elementor-widget-text-editor\" data-id=\"2cc20219\" data-element_type=\"widget\" data-e-type=\"widget\" data-widget_type=\"text-editor.default\">\n\t\t\t\t<div class=\"elementor-widget-container\">\n\t\t\t\t\t\t\t\t\t<p>\u0160i\u0105 Privatumo ir slapuk\u0173 politik\u0105 (toliau \u2013 Politika) taikome tais atvejais, kai lankot\u0117s www.jurarealestate.com interneto svetain\u0117je. \u0160i Politika netaikoma, kai nar\u0161ote kit\u0173 bendrovi\u0173 interneto svetain\u0117se, patekdami per JURA REAL ESTATE interneto svetain\u0119.<\/p><p>M\u016bs\u0173 interneto svetain\u0117s lankytoj\u0173 duomenis renkame laikydamiesi Lietuvos Respublikos asmens duomen\u0173 teisin\u0117s apsaugos \u012fstatymo, Lietuvos Respublikos elektronini\u0173 ry\u0161i\u0173 \u012fstatymo, Europos S\u0105jungos asmens duomen\u0173 apsaugos \u012fstatym\u0173, kit\u0173 susijusi\u0173 teis\u0117s akt\u0173 bei kontroliuojan\u010di\u0173 institucij\u0173 nurodym\u0173.<\/p><p>\u00a0<\/p><p><strong>Renkami Duomenys<\/strong><\/p><p>Naudodami slapukus renkame duomenis apie lankytoj\u0173 veiksmus nar\u0161ant m\u016bs\u0173 svetain\u0117je. Slapuk\u0173 tipai ir j\u0173 paskirtis yra pateikti lentel\u0117je toliau.<\/p><p>Surinktus duomenis apie JURA REAL ESTATE svetain\u0117s lankytojus atsakingai saugome nuo praradimo, neleistino naudojimo ir pakeitimo. JURA REAL ESTATE darbuotojai yra ra\u0161ti\u0161kai \u012fsipareigoj\u0119 tre\u010diosioms \u0161alims neatskleisti ir neplatinti darbo vietoje gaunamos informacijos apie bendrov\u0117s klientus, \u012fskaitant ir www.jurarealestate.com svetain\u0117s lankytojus.<\/p><p>\u00a0<\/p><p><strong>Slapuk\u0173 Naudojimas<\/strong><\/p><p>Jums lankantis www.jurarealestate.com interneto svetain\u0117je, siekiame, kad pateikiama informacija ir svetain\u0117s funkcijos b\u016bt\u0173 pritaikytos tik Jums. Tam reikalingi slapukai (angl. cookies). Tai nedideli informacijos elementai, i\u0161saugomi J\u016bs\u0173 interneto nar\u0161ykl\u0117je. Jie padeda mums atpa\u017einti Jus kaip ankstesn\u012f www.jurarealestate.com interneto svetain\u0117s lankytoj\u0105, i\u0161saugoti J\u016bs\u0173 lankymosi svetain\u0117je istorij\u0105 ir pagal tai pritaikyti turin\u012f. Taip pat slapukai padeda u\u017etikrinti skland\u0173 svetain\u0117s veikim\u0105, leid\u017eia steb\u0117ti lankymosi JURA REAL ESTATE interneto svetain\u0117je trukm\u0119, da\u017enum\u0105 bei rinkti statistin\u0119 informacij\u0105 apie svetain\u0117s lankytoj\u0173 skai\u010di\u0173. Analizuodami \u0161iuos duomenis galime svetain\u0119 tobulinti, padaryti j\u0105 patogesn\u0119 Jums. Apsilank\u0119 www.jurarealestate.lt svetain\u0117je, J\u016bs galite nurodyti, ar sutinkate, kad b\u016bt\u0173 naudojami slapukai. Jei nesutinkate, kad \u012f J\u016bs\u0173 kompiuter\u012f ar kit\u0105 \u012frengin\u012f b\u016bt\u0173 \u012fra\u0161omi slapukai, bet kada galite at\u0161aukti sutikim\u0105 juos naudoti, pakeit\u0119 parinktis ir i\u0161tryn\u0119 \u012fra\u0161ytus slapukus.<\/p><p>\u00a0<\/p><p><strong>Slapuk\u0173 R\u016b\u0161ys<\/strong><\/p><p>Slapukai yra seanso ir ilgalaikiai bei pirmosios arba tre\u010diosios \u0161alies slapukai. Toliau paai\u0161kinsime, k\u0105 rei\u0161kia \u0161ie terminai, kad gal\u0117tum\u0117te geriau suprasti, kas yra m\u016bs\u0173 naudojami slapukai ir kokia j\u0173 paskirtis.<\/p><p><strong>Seanso slapukai<\/strong><\/p><p>Seanso slapukai leid\u017eia Jus atpa\u017einti per vien\u0105 apsilankym\u0105 m\u016bs\u0173 svetain\u0117je, kad visi puslapio pakeitimai ar parinktys b\u016bt\u0173 \u012fsimenami keliaujant i\u0161 vieno puslapio \u012f kit\u0105. \u0160ie slapukai leid\u017eia greitai ir lengvai eiti per daugyb\u0119 svetain\u0117s puslapi\u0173, kad kaskart apsilankius naujoje vietoje nereik\u0117t\u0173 i\u0161 naujo apdoroti informacijos. Seanso slapukai yra laikini ir i\u0161trinami vos tik u\u017everiate nar\u0161ykl\u0119 ar atsijungiate nuo svetain\u0117s.<\/p><p><strong>Ilgalaikiai slapukai<\/strong><\/p><p>Ilgalaikiai slapukai \u2013 tai tokie slapukai, kurie nustatyt\u0105 laikotarp\u012f i\u0161lieka J\u016bs\u0173 kompiuteryje pasibaigus nar\u0161ymo seansui, tod\u0117l gali u\u017efiksuoti tam tikras naudotoj\u0173 parinktis arba veiksmus, kai svetain\u0117 aplankoma dar kart\u0105.<\/p><p><strong>Pirmosios \u0161alies slapukai<\/strong><\/p><p>Tai slapukai, kurie reikalingi, kad \u201eJURA REAL ESTATE\u201c svetain\u0117 gal\u0117t\u0173 tinkamai funkcionuoti.<\/p><p><strong>Tre\u010di\u0173j\u0173 \u0161ali\u0173 slapukai<\/strong><\/p><p>Tai slapukai, kuriuos naudoja kitos organizacijos per m\u016bs\u0173 svetain\u0119. M\u016bs\u0173 \u201eJURA REAL ESTATE\u201c svetain\u0117je naudojami \u201eGoogle Analytics\u201c slapukai, skirti svetain\u0117s lankomumui analizuoti. \u201eGoogle Analytics\u201c anonimi\u0161kai renka informacij\u0105 apie lankytoj\u0173 skai\u010di\u0173, viet\u0105, i\u0161 kurios buvo naudojamasi m\u016bs\u0173 svetaine, ir kokios svetain\u0117s dalys buvo nar\u0161omos lankytoj\u0173. \u0160ie slapukai yra sukurti sistemai \u201eGoogle Analytics\u201c. Pla\u010diau apie \u201eGoogle Analytics\u201c \u2013 https:\/\/www.google.lt\/analytics.<\/p><p>\u00a0<\/p><p>Bet kokia informacija, surinkta per slapukus, yra saugoma iki slapuk\u0173 galiojimo pabaigos ir n\u0117ra naudojama kitais nei \u0161ioje Politikoje nurodytais tikslais.<\/p><p>M\u016bs\u0173 svetain\u0117je yra nuorod\u0173 \u012f kit\u0173 asmen\u0173, \u012fmoni\u0173 ar organizacij\u0173 interneto tinklalapius. Atkreipiame d\u0117mes\u012f, kad \u201eJURA REAL ESTATE\u201c n\u0117ra atsakinga u\u017e toki\u0173 interneto tinklalapi\u0173 turin\u012f ar j\u0173 naudojamus privatumo u\u017etikrinimo principus. Tad jei paspaud\u0119 nuorod\u0105 i\u0161 \u201eJURA REAL ESTATE\u201c interneto svetain\u0117s pateksite \u012f kitus tinklalapius, tur\u0117tum\u0117te atskirai pasidom\u0117ti j\u0173 privatumo politika.<\/p><p>\u00a0<\/p><p><strong>J\u016bs\u0173 Teis\u0117s<\/strong><\/p><p>J\u016bs turite teis\u0119 susipa\u017einti su savo duomenimis, kuriuos mes, gav\u0119 naudojant slapukus, tvarkome. Taip pat J\u016bs turite teis\u0119 reikalauti i\u0161taisyti nei\u0161samius, netikslius savo duomenis.<\/p><p>Kilus klausim\u0173 ar nor\u0117dami \u012fgyvendinti savo teises, susisiekite su mumis el. pa\u0161tu info@jurarealestate.com arba kitais \u0161ioje svetain\u0117je nurodytais b\u016bdais.<\/p>\t\t\t\t\t\t\t\t<\/div>\n\t\t\t\t<\/div>\n\t\t\t\t\t<\/div>\n\t\t\t\t<\/div>\n\t\t\t\t<\/div>\n\t\t","protected":false},"excerpt":{"rendered":"<p>\u0160i\u0105 Privatumo ir slapuk\u0173 politik\u0105 (toliau \u2013 Politika) taikome tais atvejais, kai lankot\u0117s www.jurarealestate.com interneto svetain\u0117je. \u0160i Politika netaikoma, kai nar\u0161ote kit\u0173 bendrovi\u0173 interneto svetain\u0117se, patekdami per JURA REAL ESTATE interneto svetain\u0119. M\u016bs\u0173 interneto svetain\u0117s lankytoj\u0173 duomenis renkame laikydamiesi Lietuvos Respublikos asmens duomen\u0173 teisin\u0117s apsaugos \u012fstatymo, Lietuvos Respublikos elektronini\u0173 ry\u0161i\u0173 \u012fstatymo, Europos S\u0105jungos asmens duomen\u0173 [&hellip;]<\/p>\n","protected":false},"author":1,"featured_media":0,"parent":0,"menu_order":0,"comment_status":"closed","ping_status":"closed","template":"template\/template-page.php","meta":{"footnotes":""},"class_list":["post-18122","page","type-page","status-publish","hentry"],"aioseo_notices":[],"_links":{"self":[{"href":"https:\/\/jurarealestate.com\/lt\/wp-json\/wp\/v2\/pages\/18122","targetHints":{"allow":["GET"]}}],"collection":[{"href":"https:\/\/jurarealestate.com\/lt\/wp-json\/wp\/v2\/pages"}],"about":[{"href":"https:\/\/jurarealestate.com\/lt\/wp-json\/wp\/v2\/types\/page"}],"author":[{"embeddable":true,"href":"https:\/\/jurarealestate.com\/lt\/wp-json\/wp\/v2\/users\/1"}],"replies":[{"embeddable":true,"href":"https:\/\/jurarealestate.com\/lt\/wp-json\/wp\/v2\/comments?post=18122"}],"version-history":[{"count":3,"href":"https:\/\/jurarealestate.com\/lt\/wp-json\/wp\/v2\/pages\/18122\/revisions"}],"predecessor-version":[{"id":18125,"href":"https:\/\/jurarealestate.com\/lt\/wp-json\/wp\/v2\/pages\/18122\/revisions\/18125"}],"wp:attachment":[{"href":"https:\/\/jurarealestate.com\/lt\/wp-json\/wp\/v2\/media?parent=18122"}],"curies":[{"name":"wp","href":"https:\/\/api.w.org\/{rel}","templated":true}]}}