{"id":17929,"date":"2024-05-10T12:15:36","date_gmt":"2024-05-10T12:15:36","guid":{"rendered":"https:\/\/jurarealestate.com\/parduoti\/"},"modified":"2025-08-25T07:42:46","modified_gmt":"2025-08-25T07:42:46","slug":"parduoti","status":"publish","type":"page","link":"https:\/\/jurarealestate.com\/lt\/parduoti\/","title":{"rendered":"Parduoti"},"content":{"rendered":"\t\t<div data-elementor-type=\"wp-page\" data-elementor-id=\"17929\" class=\"elementor elementor-17929 elementor-17544\">\n\t\t\t\t<div class=\"elementor-element elementor-element-f6d044b e-flex e-con-boxed e-con e-parent\" data-id=\"f6d044b\" data-element_type=\"container\" data-e-type=\"container\" data-settings=\"{&quot;background_background&quot;:&quot;classic&quot;}\">\n\t\t\t\t\t<div class=\"e-con-inner\">\n\t\t\t\t<div class=\"elementor-element elementor-element-4158500 elementor-widget elementor-widget-heading\" data-id=\"4158500\" data-element_type=\"widget\" data-e-type=\"widget\" data-widget_type=\"heading.default\">\n\t\t\t\t<div class=\"elementor-widget-container\">\n\t\t\t\t\t<h1 class=\"elementor-heading-title elementor-size-default\">Parduokite ir pirkite savo turt\u0105 <\/h1>\t\t\t\t<\/div>\n\t\t\t\t<\/div>\n\t\t\t\t\t<\/div>\n\t\t\t\t<\/div>\n\t\t<div class=\"elementor-element elementor-element-2ace808 e-flex e-con-boxed e-con e-parent\" data-id=\"2ace808\" data-element_type=\"container\" data-e-type=\"container\">\n\t\t\t\t\t<div class=\"e-con-inner\">\n\t\t\t\t<div class=\"elementor-element elementor-element-32f5d7e elementor-widget elementor-widget-heading\" data-id=\"32f5d7e\" data-element_type=\"widget\" data-e-type=\"widget\" data-widget_type=\"heading.default\">\n\t\t\t\t<div class=\"elementor-widget-container\">\n\t\t\t\t\t<h2 class=\"elementor-heading-title elementor-size-default\">Sveiki atvyk\u0119 \u012f \u201eJura Real Estate\u201c!<\/h2>\t\t\t\t<\/div>\n\t\t\t\t<\/div>\n\t\t\t\t<div class=\"elementor-element elementor-element-5770e1f elementor-widget elementor-widget-text-editor\" data-id=\"5770e1f\" data-element_type=\"widget\" data-e-type=\"widget\" data-widget_type=\"text-editor.default\">\n\t\t\t\t<div class=\"elementor-widget-container\">\n\t\t\t\t\t\t\t\t\t<p>J\u016bs\u0173 atsidav\u0119s partneris siekiant greito ir s\u0117kmingo nekilnojamojo turto pardavimo \u201eJura Real Estate\u201c did\u017eiuojasi savo unikaliu po\u017ei\u016briu \u012f nekilnojamojo turto pardavim\u0105. Tur\u0117dami patyrusi\u0173 specialist\u0173 komand\u0105, sutelk\u0119 d\u0117mes\u012f \u012f patikimum\u0105, profesionalum\u0105 ir i\u0161mani\u0105sias rinkodaros strategijas, u\u017etikriname, kad j\u016bs\u0173 nekilnojamajam turtui b\u016bt\u0173 skiriamas deramas d\u0117mesys. M\u016bs\u0173 pa\u017eadas jums:<\/p>\n\t\t\t\t\t\t\t\t<\/div>\n\t\t\t\t<\/div>\n\t\t\t\t\t<\/div>\n\t\t\t\t<\/div>\n\t\t<div class=\"elementor-element elementor-element-c021ea2 e-flex e-con-boxed e-con e-parent\" data-id=\"c021ea2\" data-element_type=\"container\" data-e-type=\"container\">\n\t\t\t\t\t<div class=\"e-con-inner\">\n\t\t<div class=\"elementor-element elementor-element-9168fac e-con-full e-flex e-con e-child\" data-id=\"9168fac\" data-element_type=\"container\" data-e-type=\"container\">\n\t\t\t\t<div class=\"elementor-element elementor-element-ff090a3 elementor-widget elementor-widget-text-editor\" data-id=\"ff090a3\" data-element_type=\"widget\" data-e-type=\"widget\" data-widget_type=\"text-editor.default\">\n\t\t\t\t<div class=\"elementor-widget-container\">\n\t\t\t\t\t\t\t\t\t<ol>\n<li><strong>Patikimumas ir profesionalumas<\/strong>: neabejokite, kad m\u016bs\u0173 patikima komanda suteiks jums auk\u0161\u010diausio lygio paslaugas ir konsultacijas viso pardavimo proceso metu.<\/li>\n<li><strong>I\u0161manios rinkodaros strategijos<\/strong>: nuo internetin\u0117s iki tiesiogin\u0117s rinkodaros, mes pritaikome savo po\u017ei\u016br\u012f, kad pasiektume reikiam\u0105 auditorij\u0105 ir maksimaliai padidintume j\u016bs\u0173 nekilnojamojo turto pardavimo potencial\u0105.<\/li>\n<li><strong>Pasaulinis \u017einomumas<\/strong>: bendradarbiaujant su mumis, j\u016bs\u0173 nekilnojamasis turtas patenka \u012f plat\u0173 tarptautin\u012f tinkl\u0105, tod\u0117l j\u012f gali pamatyti potencial\u016bs pirk\u0117jai visame pasaulyje. Su \u201eJura Real Estate\u201c galite b\u016bti tikri, kad j\u016bs\u0173 turtas bus parduotas greitai ir u\u017e geriausi\u0105 \u012fmanom\u0105 kain\u0105.<\/li>\n<\/ol>\n<p>Susisiekite su mumis \u0161iandien, suderinsime konsultacijos laik\u0105, kad suteiktume paslaugas, atitinkan\u010dias j\u016bs\u0173 konkre\u010dius poreikius.<\/p>\n\t\t\t\t\t\t\t\t<\/div>\n\t\t\t\t<\/div>\n\t\t\t\t<\/div>\n\t\t<div class=\"elementor-element elementor-element-1675d88 e-con-full e-flex e-con e-child\" data-id=\"1675d88\" data-element_type=\"container\" data-e-type=\"container\">\n\t\t\t\t<div class=\"elementor-element elementor-element-ae172a8 elementor-widget elementor-widget-image\" data-id=\"ae172a8\" data-element_type=\"widget\" data-e-type=\"widget\" data-widget_type=\"image.default\">\n\t\t\t\t<div class=\"elementor-widget-container\">\n\t\t\t\t\t\t\t\t\t\t\t\t\t\t\t<img fetchpriority=\"high\" decoding=\"async\" width=\"1024\" height=\"770\" src=\"https:\/\/jurarealestate.com\/wp-content\/uploads\/2024\/05\/sell-jura-real-estat-2-1024x770.jpeg\" class=\"attachment-large size-large wp-image-17805\" alt=\"\" srcset=\"https:\/\/jurarealestate.com\/wp-content\/uploads\/2024\/05\/sell-jura-real-estat-2-1024x770.jpeg 1024w, https:\/\/jurarealestate.com\/wp-content\/uploads\/2024\/05\/sell-jura-real-estat-2-300x226.jpeg 300w, https:\/\/jurarealestate.com\/wp-content\/uploads\/2024\/05\/sell-jura-real-estat-2-768x578.jpeg 768w, https:\/\/jurarealestate.com\/wp-content\/uploads\/2024\/05\/sell-jura-real-estat-2-1536x1155.jpeg 1536w, https:\/\/jurarealestate.com\/wp-content\/uploads\/2024\/05\/sell-jura-real-estat-2-592x444.jpeg 592w, https:\/\/jurarealestate.com\/wp-content\/uploads\/2024\/05\/sell-jura-real-estat-2-584x438.jpeg 584w, https:\/\/jurarealestate.com\/wp-content\/uploads\/2024\/05\/sell-jura-real-estat-2-798x600.jpeg 798w, https:\/\/jurarealestate.com\/wp-content\/uploads\/2024\/05\/sell-jura-real-estat-2-120x90.jpeg 120w, https:\/\/jurarealestate.com\/wp-content\/uploads\/2024\/05\/sell-jura-real-estat-2-496x373.jpeg 496w, https:\/\/jurarealestate.com\/wp-content\/uploads\/2024\/05\/sell-jura-real-estat-2.jpeg 2048w\" sizes=\"(max-width: 1024px) 100vw, 1024px\" \/>\t\t\t\t\t\t\t\t\t\t\t\t\t\t\t<\/div>\n\t\t\t\t<\/div>\n\t\t\t\t<\/div>\n\t\t\t\t\t<\/div>\n\t\t\t\t<\/div>\n\t\t<div class=\"elementor-element elementor-element-73d5d0f e-flex e-con-boxed e-con e-parent\" data-id=\"73d5d0f\" data-element_type=\"container\" data-e-type=\"container\" data-settings=\"{&quot;background_background&quot;:&quot;classic&quot;}\">\n\t\t\t\t\t<div class=\"e-con-inner\">\n\t\t<div class=\"elementor-element elementor-element-b21d82b e-con-full e-flex e-con e-child\" data-id=\"b21d82b\" data-element_type=\"container\" data-e-type=\"container\">\n\t\t\t\t<div class=\"elementor-element elementor-element-a5aca70 elementor-widget__width-auto elementor-widget-mobile__width-inherit elementor-widget elementor-widget-heading\" data-id=\"a5aca70\" data-element_type=\"widget\" data-e-type=\"widget\" data-widget_type=\"heading.default\">\n\t\t\t\t<div class=\"elementor-widget-container\">\n\t\t\t\t\t<h2 class=\"elementor-heading-title elementor-size-default\"><a href=\"tel:+37069883131\">+370 698 83131<\/a><\/h2>\t\t\t\t<\/div>\n\t\t\t\t<\/div>\n\t\t\t\t<\/div>\n\t\t<div class=\"elementor-element elementor-element-aa3d88d e-con-full e-flex e-con e-child\" data-id=\"aa3d88d\" data-element_type=\"container\" data-e-type=\"container\">\n\t\t\t\t<div class=\"elementor-element elementor-element-d64a243 elementor-widget elementor-widget-heading\" data-id=\"d64a243\" data-element_type=\"widget\" data-e-type=\"widget\" data-widget_type=\"heading.default\">\n\t\t\t\t<div class=\"elementor-widget-container\">\n\t\t\t\t\t<h2 class=\"elementor-heading-title elementor-size-default\"><a href=\"tel:+37069883131\">info@jurarealestate.com<\/a><\/h2>\t\t\t\t<\/div>\n\t\t\t\t<\/div>\n\t\t\t\t<\/div>\n\t\t\t\t\t<\/div>\n\t\t\t\t<\/div>\n\t\t<div class=\"elementor-element elementor-element-d2faceb e-flex e-con-boxed e-con e-parent\" data-id=\"d2faceb\" data-element_type=\"container\" data-e-type=\"container\">\n\t\t\t\t\t<div class=\"e-con-inner\">\n\t\t\t\t<div class=\"elementor-element elementor-element-4ed92da elementor-widget elementor-widget-text-editor\" data-id=\"4ed92da\" data-element_type=\"widget\" data-e-type=\"widget\" data-widget_type=\"text-editor.default\">\n\t\t\t\t<div class=\"elementor-widget-container\">\n\t\t\t\t\t\t\t\t\t<p>Norite greitai parduoti savo b\u016bst\u0105? Per\u017ei\u016br\u0117kite m\u016bs\u0173 \u201eSkubaus pardavimo vadov\u0105\u201c, kuriame rasite ekspert\u0173 patarim\u0173 ir strategij\u0173, pad\u0117sian\u010di\u0173 \u012fgyvendinti j\u016bs\u0173 nekilnojamojo turto tikslus.<\/p>\n\t\t\t\t\t\t\t\t<\/div>\n\t\t\t\t<\/div>\n\t\t\t\t\t<\/div>\n\t\t\t\t<\/div>\n\t\t<div class=\"elementor-element elementor-element-4aa693b e-flex e-con-boxed e-con e-parent\" data-id=\"4aa693b\" data-element_type=\"container\" data-e-type=\"container\">\n\t\t\t\t\t<div class=\"e-con-inner\">\n\t\t<div class=\"elementor-element elementor-element-17b8707 e-con-full e-flex e-con e-child\" data-id=\"17b8707\" data-element_type=\"container\" data-e-type=\"container\">\n\t\t\t\t<div class=\"elementor-element elementor-element-7a56988 elementor-widget-mobile__width-inherit elementor-widget elementor-widget-image\" data-id=\"7a56988\" data-element_type=\"widget\" data-e-type=\"widget\" data-widget_type=\"image.default\">\n\t\t\t\t<div class=\"elementor-widget-container\">\n\t\t\t\t\t\t\t\t\t\t\t\t\t\t\t<img decoding=\"async\" width=\"1024\" height=\"770\" src=\"https:\/\/jurarealestate.com\/wp-content\/uploads\/2024\/05\/sell-jura-real-estate-3-1024x770.jpeg\" class=\"attachment-large size-large wp-image-17806\" alt=\"\" srcset=\"https:\/\/jurarealestate.com\/wp-content\/uploads\/2024\/05\/sell-jura-real-estate-3-1024x770.jpeg 1024w, https:\/\/jurarealestate.com\/wp-content\/uploads\/2024\/05\/sell-jura-real-estate-3-300x226.jpeg 300w, https:\/\/jurarealestate.com\/wp-content\/uploads\/2024\/05\/sell-jura-real-estate-3-768x578.jpeg 768w, https:\/\/jurarealestate.com\/wp-content\/uploads\/2024\/05\/sell-jura-real-estate-3-1536x1155.jpeg 1536w, https:\/\/jurarealestate.com\/wp-content\/uploads\/2024\/05\/sell-jura-real-estate-3-592x444.jpeg 592w, https:\/\/jurarealestate.com\/wp-content\/uploads\/2024\/05\/sell-jura-real-estate-3-584x438.jpeg 584w, https:\/\/jurarealestate.com\/wp-content\/uploads\/2024\/05\/sell-jura-real-estate-3-798x600.jpeg 798w, https:\/\/jurarealestate.com\/wp-content\/uploads\/2024\/05\/sell-jura-real-estate-3-120x90.jpeg 120w, https:\/\/jurarealestate.com\/wp-content\/uploads\/2024\/05\/sell-jura-real-estate-3-496x373.jpeg 496w, https:\/\/jurarealestate.com\/wp-content\/uploads\/2024\/05\/sell-jura-real-estate-3.jpeg 2048w\" sizes=\"(max-width: 1024px) 100vw, 1024px\" \/>\t\t\t\t\t\t\t\t\t\t\t\t\t\t\t<\/div>\n\t\t\t\t<\/div>\n\t\t\t\t<\/div>\n\t\t<div class=\"elementor-element elementor-element-3e5c26c e-con-full e-flex e-con e-child\" data-id=\"3e5c26c\" data-element_type=\"container\" data-e-type=\"container\">\n\t\t\t\t<div class=\"elementor-element elementor-element-6a900ca elementor-widget elementor-widget-text-editor\" data-id=\"6a900ca\" data-element_type=\"widget\" data-e-type=\"widget\" data-widget_type=\"text-editor.default\">\n\t\t\t\t<div class=\"elementor-widget-container\">\n\t\t\t\t\t\t\t\t\t<ol>\n<li><strong>Paruo\u0161kite savo b\u016bst\u0105<\/strong>: padarykite ger\u0105 pirm\u0105j\u012f \u012fsp\u016bd\u012f, i\u0161valykite, pa\u0161alinkite asmeninius daiktus ir investuokite \u012f smulkius remonto darbus, kad gal\u0117tum\u0117te pristatyti savo turt\u0105 i\u0161 geriausios pus\u0117s.<\/li>\n<li><strong>Nustatykite tinkam\u0105 kain\u0105<\/strong>: pasitelk\u0119 rinkos tyrimus ir pasitar\u0119 su patyrusiais agentais, nustatykite konkurencing\u0105 kain\u0105, kad pritrauktum\u0117te potencialius pirk\u0117jus ir kartu u\u017etikrintum\u0117te, jog gausite teising\u0105 kain\u0105.<\/li>\n<li><strong>Idealus pristatymas<\/strong>: profesionalios nuotraukos gali labai pad\u0117ti i\u0161ry\u0161kinti unikalias j\u016bs\u0173 nam\u0173 savybes ir bendr\u0105 patrauklum\u0105.<\/li>\n<li><strong>Pasinaudokite internetin\u0117mis platformomis<\/strong>: pasinaudokite galimybe maksimaliai atskleisti savo turto savybes internete, \u012ftraukdami j\u012f \u012f nekilnojamojo turto svetaines, kurdami i\u0161samius apra\u0161us ir dalydamiesi patraukliu turiniu socialin\u0117je \u017einiasklaidoje.<\/li>\n<li><strong>Atvir\u0173 dur\u0173 dienos ir ap\u017ei\u016bros<\/strong>: paruo\u0161kite savo namus atvir\u0173 dur\u0173 dienoms ir ap\u017ei\u016broms, kad potencialiems pirk\u0117jams padarytum\u0117te \u012fsp\u016bd\u012f \u0161vara, organizuotumu ir i\u0161ry\u0161kintum\u0117te unikalias savybes.<\/li>\n<\/ol>\n<p>6. <strong>Derybos ir sandorio sudarymas<\/strong>: pasitelkite kvalifikuot\u0105 nekilnojamojo turto srities teisinink\u0105, pad\u0117siant\u012f u\u017etikrinti skland\u0173 sandorio u\u017ebaigim\u0105. Papildomi s\u0117kmingo pardavimo patarimai:<\/p>\n<p>&#8211; padidinkite b\u016bsto patrauklum\u0105: padarykite savo namo i\u0161orin\u0119 aplink\u0105 jaukesn\u0119 ir patrauklesn\u0119, taip sukurdami teigiam\u0105 pirm\u0105j\u012f \u012fsp\u016bd\u012f;<\/p>\n<p>&#8211; bendradarbiavimas po pardavimo: palaikykite teigiamus santykius su pirk\u0117jais, kad padidintum\u0117te klient\u0173 pasitenkinim\u0105 ir paskatintum\u0117te juos bendradarbiauti ir ateityje.<\/p>\n<p>Pasitik\u0117kite \u201eJura Real Estate\u201c, kuri profesionaliai, kvalifikuotai ir u\u017etikrindama j\u016bs\u0173 s\u0117km\u0119 pad\u0117s jums \u012fgyvendinti j\u016bs\u0173 nekilnojamojo turto projektus. Dirbkime kartu, kad pasiektume j\u016bs\u0173 nekilnojamojo turto pardavimo tikslus.<\/p>\n\t\t\t\t\t\t\t\t<\/div>\n\t\t\t\t<\/div>\n\t\t\t\t<\/div>\n\t\t\t\t\t<\/div>\n\t\t\t\t<\/div>\n\t\t<div class=\"elementor-element elementor-element-56e0e9f e-flex e-con-boxed e-con e-parent\" data-id=\"56e0e9f\" data-element_type=\"container\" data-e-type=\"container\" data-settings=\"{&quot;background_background&quot;:&quot;classic&quot;}\">\n\t\t\t\t\t<div class=\"e-con-inner\">\n\t\t<div class=\"elementor-element elementor-element-396facd e-con-full e-flex e-con e-child\" data-id=\"396facd\" data-element_type=\"container\" data-e-type=\"container\">\n\t\t\t\t<div class=\"elementor-element elementor-element-0438e6d elementor-widget elementor-widget-image\" data-id=\"0438e6d\" data-element_type=\"widget\" data-e-type=\"widget\" data-widget_type=\"image.default\">\n\t\t\t\t<div class=\"elementor-widget-container\">\n\t\t\t\t\t\t\t\t\t\t\t\t\t\t\t<img decoding=\"async\" width=\"1080\" height=\"1350\" src=\"https:\/\/jurarealestate.com\/wp-content\/uploads\/2025\/08\/jura-real-estate-profile.webp\" class=\"attachment-full size-full wp-image-18161\" alt=\"\" srcset=\"https:\/\/jurarealestate.com\/wp-content\/uploads\/2025\/08\/jura-real-estate-profile.webp 1080w, https:\/\/jurarealestate.com\/wp-content\/uploads\/2025\/08\/jura-real-estate-profile-240x300.webp 240w, https:\/\/jurarealestate.com\/wp-content\/uploads\/2025\/08\/jura-real-estate-profile-819x1024.webp 819w, https:\/\/jurarealestate.com\/wp-content\/uploads\/2025\/08\/jura-real-estate-profile-768x960.webp 768w, https:\/\/jurarealestate.com\/wp-content\/uploads\/2025\/08\/jura-real-estate-profile-480x600.webp 480w, https:\/\/jurarealestate.com\/wp-content\/uploads\/2025\/08\/jura-real-estate-profile-496x620.webp 496w\" sizes=\"(max-width: 1080px) 100vw, 1080px\" \/>\t\t\t\t\t\t\t\t\t\t\t\t\t\t\t<\/div>\n\t\t\t\t<\/div>\n\t\t\t\t<\/div>\n\t\t<div class=\"elementor-element elementor-element-7e72a88 e-con-full e-flex e-con e-child\" data-id=\"7e72a88\" data-element_type=\"container\" data-e-type=\"container\">\n\t\t\t\t<div class=\"elementor-element elementor-element-394d148 elementor-widget__width-auto elementor-widget elementor-widget-text-editor\" data-id=\"394d148\" data-element_type=\"widget\" data-e-type=\"widget\" data-widget_type=\"text-editor.default\">\n\t\t\t\t<div class=\"elementor-widget-container\">\n\t\t\t\t\t\t\t\t\t<p><b>J\u016brat\u0117 Radzevi\u010di\u016bt\u0117<\/b><\/p>\n\t\t\t\t\t\t\t\t<\/div>\n\t\t\t\t<\/div>\n\t\t\t\t<div class=\"elementor-element elementor-element-18cd02b elementor-widget elementor-widget-text-editor\" data-id=\"18cd02b\" data-element_type=\"widget\" data-e-type=\"widget\" data-widget_type=\"text-editor.default\">\n\t\t\t\t<div class=\"elementor-widget-container\">\n\t\t\t\t\t\t\t\t\t<p>NEKILNOJAMO TURTO BROKER\u0116<\/p>\n\t\t\t\t\t\t\t\t<\/div>\n\t\t\t\t<\/div>\n\t\t\t\t<div class=\"elementor-element elementor-element-ef33239 elementor-position-inline-start elementor-mobile-position-inline-start elementor-view-default elementor-widget elementor-widget-icon-box\" data-id=\"ef33239\" data-element_type=\"widget\" data-e-type=\"widget\" data-widget_type=\"icon-box.default\">\n\t\t\t\t<div class=\"elementor-widget-container\">\n\t\t\t\t\t\t\t<div class=\"elementor-icon-box-wrapper\">\n\n\t\t\t\t\t\t<div class=\"elementor-icon-box-icon\">\n\t\t\t\t<a href=\"tel:+37069883131\" class=\"elementor-icon\" tabindex=\"-1\" aria-label=\"+370 698 83131\">\n\t\t\t\t<svg aria-hidden=\"true\" class=\"e-font-icon-svg e-fas-phone-alt\" viewBox=\"0 0 512 512\" xmlns=\"http:\/\/www.w3.org\/2000\/svg\"><path d=\"M497.39 361.8l-112-48a24 24 0 0 0-28 6.9l-49.6 60.6A370.66 370.66 0 0 1 130.6 204.11l60.6-49.6a23.94 23.94 0 0 0 6.9-28l-48-112A24.16 24.16 0 0 0 122.6.61l-104 24A24 24 0 0 0 0 48c0 256.5 207.9 464 464 464a24 24 0 0 0 23.4-18.6l24-104a24.29 24.29 0 0 0-14.01-27.6z\"><\/path><\/svg>\t\t\t\t<\/a>\n\t\t\t<\/div>\n\t\t\t\n\t\t\t\t\t\t<div class=\"elementor-icon-box-content\">\n\n\t\t\t\t\t\t\t\t\t<h3 class=\"elementor-icon-box-title\">\n\t\t\t\t\t\t<a href=\"tel:+37069883131\" >\n\t\t\t\t\t\t\t+370 698 83131\t\t\t\t\t\t<\/a>\n\t\t\t\t\t<\/h3>\n\t\t\t\t\n\t\t\t\t\n\t\t\t<\/div>\n\t\t\t\n\t\t<\/div>\n\t\t\t\t\t\t<\/div>\n\t\t\t\t<\/div>\n\t\t\t\t<div class=\"elementor-element elementor-element-5700bf4 elementor-position-inline-start elementor-mobile-position-inline-start elementor-view-default elementor-widget elementor-widget-icon-box\" data-id=\"5700bf4\" data-element_type=\"widget\" data-e-type=\"widget\" data-widget_type=\"icon-box.default\">\n\t\t\t\t<div class=\"elementor-widget-container\">\n\t\t\t\t\t\t\t<div class=\"elementor-icon-box-wrapper\">\n\n\t\t\t\t\t\t<div class=\"elementor-icon-box-icon\">\n\t\t\t\t<a href=\"mailto:info@jurarealestate.com\" class=\"elementor-icon\" tabindex=\"-1\" aria-label=\"info@jurarealestate.com\">\n\t\t\t\t<svg aria-hidden=\"true\" class=\"e-font-icon-svg e-fas-envelope\" viewBox=\"0 0 512 512\" xmlns=\"http:\/\/www.w3.org\/2000\/svg\"><path d=\"M502.3 190.8c3.9-3.1 9.7-.2 9.7 4.7V400c0 26.5-21.5 48-48 48H48c-26.5 0-48-21.5-48-48V195.6c0-5 5.7-7.8 9.7-4.7 22.4 17.4 52.1 39.5 154.1 113.6 21.1 15.4 56.7 47.8 92.2 47.6 35.7.3 72-32.8 92.3-47.6 102-74.1 131.6-96.3 154-113.7zM256 320c23.2.4 56.6-29.2 73.4-41.4 132.7-96.3 142.8-104.7 173.4-128.7 5.8-4.5 9.2-11.5 9.2-18.9v-19c0-26.5-21.5-48-48-48H48C21.5 64 0 85.5 0 112v19c0 7.4 3.4 14.3 9.2 18.9 30.6 23.9 40.7 32.4 173.4 128.7 16.8 12.2 50.2 41.8 73.4 41.4z\"><\/path><\/svg>\t\t\t\t<\/a>\n\t\t\t<\/div>\n\t\t\t\n\t\t\t\t\t\t<div class=\"elementor-icon-box-content\">\n\n\t\t\t\t\t\t\t\t\t<h3 class=\"elementor-icon-box-title\">\n\t\t\t\t\t\t<a href=\"mailto:info@jurarealestate.com\" >\n\t\t\t\t\t\t\tinfo@jurarealestate.com\t\t\t\t\t\t<\/a>\n\t\t\t\t\t<\/h3>\n\t\t\t\t\n\t\t\t\t\n\t\t\t<\/div>\n\t\t\t\n\t\t<\/div>\n\t\t\t\t\t\t<\/div>\n\t\t\t\t<\/div>\n\t\t\t\t<\/div>\n\t\t\t\t\t<\/div>\n\t\t\t\t<\/div>\n\t\t\t\t<\/div>\n\t\t","protected":false},"excerpt":{"rendered":"<p>Parduokite ir pirkite savo turt\u0105 Sveiki atvyk\u0119 \u012f \u201eJura Real Estate\u201c! J\u016bs\u0173 atsidav\u0119s partneris siekiant greito ir s\u0117kmingo nekilnojamojo turto pardavimo \u201eJura Real Estate\u201c did\u017eiuojasi savo unikaliu po\u017ei\u016briu \u012f nekilnojamojo turto pardavim\u0105. Tur\u0117dami patyrusi\u0173 specialist\u0173 komand\u0105, sutelk\u0119 d\u0117mes\u012f \u012f patikimum\u0105, profesionalum\u0105 ir i\u0161mani\u0105sias rinkodaros strategijas, u\u017etikriname, kad j\u016bs\u0173 nekilnojamajam turtui b\u016bt\u0173 skiriamas deramas d\u0117mesys. M\u016bs\u0173 [&hellip;]<\/p>\n","protected":false},"author":1,"featured_media":0,"parent":0,"menu_order":0,"comment_status":"closed","ping_status":"closed","template":"elementor_header_footer","meta":{"footnotes":""},"class_list":["post-17929","page","type-page","status-publish","hentry"],"aioseo_notices":[],"_links":{"self":[{"href":"https:\/\/jurarealestate.com\/lt\/wp-json\/wp\/v2\/pages\/17929","targetHints":{"allow":["GET"]}}],"collection":[{"href":"https:\/\/jurarealestate.com\/lt\/wp-json\/wp\/v2\/pages"}],"about":[{"href":"https:\/\/jurarealestate.com\/lt\/wp-json\/wp\/v2\/types\/page"}],"author":[{"embeddable":true,"href":"https:\/\/jurarealestate.com\/lt\/wp-json\/wp\/v2\/users\/1"}],"replies":[{"embeddable":true,"href":"https:\/\/jurarealestate.com\/lt\/wp-json\/wp\/v2\/comments?post=17929"}],"version-history":[{"count":19,"href":"https:\/\/jurarealestate.com\/lt\/wp-json\/wp\/v2\/pages\/17929\/revisions"}],"predecessor-version":[{"id":18179,"href":"https:\/\/jurarealestate.com\/lt\/wp-json\/wp\/v2\/pages\/17929\/revisions\/18179"}],"wp:attachment":[{"href":"https:\/\/jurarealestate.com\/lt\/wp-json\/wp\/v2\/media?parent=17929"}],"curies":[{"name":"wp","href":"https:\/\/api.w.org\/{rel}","templated":true}]}}