{"id":17921,"date":"2020-02-24T22:15:15","date_gmt":"2020-02-24T22:15:15","guid":{"rendered":"https:\/\/jurarealestate.com\/apie-mus\/"},"modified":"2024-07-02T11:49:44","modified_gmt":"2024-07-02T11:49:44","slug":"apie-mus","status":"publish","type":"page","link":"https:\/\/jurarealestate.com\/lt\/apie-mus\/","title":{"rendered":"Apie mus"},"content":{"rendered":"\t\t<div data-elementor-type=\"wp-page\" data-elementor-id=\"17921\" class=\"elementor elementor-17921 elementor-16650\">\n\t\t\t\t\t\t<section class=\"elementor-section elementor-top-section elementor-element elementor-element-5b81e21 elementor-section-height-min-height animated-slow elementor-section-boxed elementor-section-height-default elementor-section-items-middle elementor-invisible\" data-id=\"5b81e21\" data-element_type=\"section\" data-e-type=\"section\" data-settings=\"{&quot;background_background&quot;:&quot;classic&quot;,&quot;animation&quot;:&quot;fadeIn&quot;}\">\n\t\t\t\t\t\t\t<div class=\"elementor-background-overlay\"><\/div>\n\t\t\t\t\t\t\t<div class=\"elementor-container elementor-column-gap-default\">\n\t\t\t\t\t<div class=\"elementor-column elementor-col-100 elementor-top-column elementor-element elementor-element-ad367f8\" data-id=\"ad367f8\" data-element_type=\"column\" data-e-type=\"column\">\n\t\t\t<div class=\"elementor-widget-wrap elementor-element-populated\">\n\t\t\t\t\t\t<div class=\"elementor-element elementor-element-0e7939f elementor-widget elementor-widget-heading\" data-id=\"0e7939f\" data-element_type=\"widget\" data-e-type=\"widget\" data-widget_type=\"heading.default\">\n\t\t\t\t<div class=\"elementor-widget-container\">\n\t\t\t\t\t<h1 class=\"elementor-heading-title elementor-size-default\">Apie mus<\/h1>\t\t\t\t<\/div>\n\t\t\t\t<\/div>\n\t\t\t\t\t<\/div>\n\t\t<\/div>\n\t\t\t\t\t<\/div>\n\t\t<\/section>\n\t\t\t\t<section class=\"elementor-section elementor-top-section elementor-element elementor-element-09038dc elementor-section-boxed elementor-section-height-default elementor-section-height-default\" data-id=\"09038dc\" data-element_type=\"section\" data-e-type=\"section\">\n\t\t\t\t\t\t<div class=\"elementor-container elementor-column-gap-default\">\n\t\t\t\t\t<div class=\"elementor-column elementor-col-100 elementor-top-column elementor-element elementor-element-c8278ac\" data-id=\"c8278ac\" data-element_type=\"column\" data-e-type=\"column\">\n\t\t\t<div class=\"elementor-widget-wrap elementor-element-populated\">\n\t\t\t\t\t\t<div class=\"elementor-element elementor-element-e7372b6 animated-slow elementor-invisible elementor-widget elementor-widget-houzez_elementor_section_title\" data-id=\"e7372b6\" data-element_type=\"widget\" data-e-type=\"widget\" data-settings=\"{&quot;_animation&quot;:&quot;fadeIn&quot;}\" data-widget_type=\"houzez_elementor_section_title.default\">\n\t\t\t\t<div class=\"elementor-widget-container\">\n\t\t\t\t\t            <div class=\"houzez_section_title_wrap section-title-module\">\n                                    <h2 class=\"houzez_section_title\">J\u016bs\u0173 nekilnojamo turto broker\u0117 - J\u016brat\u0117 Radzevi\u010di\u016bt\u0117\r\n<\/h2>\n                \n                            <\/div>\n            \t\t\t\t<\/div>\n\t\t\t\t<\/div>\n\t\t\t\t\t<\/div>\n\t\t<\/div>\n\t\t\t\t\t<\/div>\n\t\t<\/section>\n\t\t\t\t<section class=\"elementor-section elementor-top-section elementor-element elementor-element-37e5de8 elementor-section-boxed elementor-section-height-default elementor-section-height-default\" data-id=\"37e5de8\" data-element_type=\"section\" data-e-type=\"section\">\n\t\t\t\t\t\t<div class=\"elementor-container elementor-column-gap-default\">\n\t\t\t\t\t<div class=\"elementor-column elementor-col-100 elementor-top-column elementor-element elementor-element-b3c212c\" data-id=\"b3c212c\" data-element_type=\"column\" data-e-type=\"column\">\n\t\t\t<div class=\"elementor-widget-wrap elementor-element-populated\">\n\t\t\t\t<div class=\"elementor-element elementor-element-38f1fc9 e-grid e-con-boxed e-con e-parent\" data-id=\"38f1fc9\" data-element_type=\"container\" data-e-type=\"container\">\n\t\t\t\t\t<div class=\"e-con-inner\">\n\t\t\t\t<div class=\"elementor-element elementor-element-4adff87 elementor-widget elementor-widget-image\" data-id=\"4adff87\" data-element_type=\"widget\" data-e-type=\"widget\" data-widget_type=\"image.default\">\n\t\t\t\t<div class=\"elementor-widget-container\">\n\t\t\t\t\t\t\t\t\t\t\t\t\t\t\t<img fetchpriority=\"high\" decoding=\"async\" width=\"949\" height=\"896\" src=\"https:\/\/jurarealestate.com\/wp-content\/uploads\/2024\/06\/WhatsApp-Image-2024-06-19-at-20.37.03.jpeg\" class=\"attachment-large size-large wp-image-17870\" alt=\"\" srcset=\"https:\/\/jurarealestate.com\/wp-content\/uploads\/2024\/06\/WhatsApp-Image-2024-06-19-at-20.37.03.jpeg 949w, https:\/\/jurarealestate.com\/wp-content\/uploads\/2024\/06\/WhatsApp-Image-2024-06-19-at-20.37.03-300x283.jpeg 300w, https:\/\/jurarealestate.com\/wp-content\/uploads\/2024\/06\/WhatsApp-Image-2024-06-19-at-20.37.03-768x725.jpeg 768w, https:\/\/jurarealestate.com\/wp-content\/uploads\/2024\/06\/WhatsApp-Image-2024-06-19-at-20.37.03-635x600.jpeg 635w, https:\/\/jurarealestate.com\/wp-content\/uploads\/2024\/06\/WhatsApp-Image-2024-06-19-at-20.37.03-496x468.jpeg 496w\" sizes=\"(max-width: 949px) 100vw, 949px\" \/>\t\t\t\t\t\t\t\t\t\t\t\t\t\t\t<\/div>\n\t\t\t\t<\/div>\n\t\t\t\t<div class=\"elementor-element elementor-element-f34f8f9 elementor-widget elementor-widget-text-editor\" data-id=\"f34f8f9\" data-element_type=\"widget\" data-e-type=\"widget\" data-widget_type=\"text-editor.default\">\n\t\t\t\t<div class=\"elementor-widget-container\">\n\t\t\t\t\t\t\t\t\t<p>J\u016brat\u0117 Radzevi\u010di\u016bt\u0117 yra kvalifikuota nekilnojamojo turto ekspert\u0117, nuo 2014 m. atstovaujanti \u201eJura Real Estate\u201c prek\u0117s \u017eenklui Lietuvoje. Tur\u0117dama didel\u0119 patirt\u012f, unikalias pardavimo galimybes ir gerus deryb\u0173 \u012fg\u016bd\u017eius, ji savo klientams teikia auk\u0161tos kokyb\u0117s paslaugas. Nesvarbu, ar tai b\u016bt\u0173 j\u0173 nekilnojamojo turto pardavimas, ar konsultacijos d\u0117l naujo nekilnojamojo turto \u012fsigijimo Lietuvoje ar Kipre, ji siekia suteikti auk\u0161\u010diausio lygio paslaugas.<\/p>\n<p>J\u016brat\u0117s specializacija \u2013 i\u0161skirtiniai apartamentai, vilos, namai ir poilsio namai vaizdingose Piet\u0173 Kipro vietov\u0117se. Bendradarbiavimas su patikimais nekilnojamojo turto pl\u0117totojais ir agent\u016bromis taip pat yra labai svarbus jos darbo aspektas. J\u016brat\u0117 si\u016blo savo klientams antruosius namus ir teikia profesionalias konsultacijas tiems, kurie nori investuoti \u012f Kipro nekilnojam\u0105j\u012f turt\u0105.<\/p>\n<p>Pagrindinis J\u016brat\u0117s \u0161\u016bkis \u0161iame darbe: \u201eB\u016bsiu j\u016bs\u0173 asmenin\u0117 nekilnojamojo turto ekspert\u0117 ir partner\u0117, padedanti jums rasti j\u016bs\u0173 l\u016bkes\u010dius atitinkant\u012f antr\u0105j\u012f b\u016bst\u0105. J\u016bs\u0173 rekomendacija man labai svarbi\u201c.<\/p>\n\t\t\t\t\t\t\t\t<\/div>\n\t\t\t\t<\/div>\n\t\t\t\t\t<\/div>\n\t\t\t\t<\/div>\n\t\t\t\t<div class=\"elementor-element elementor-element-04da9bb animated-slow elementor-invisible elementor-widget elementor-widget-houzez_elementor_section_title\" data-id=\"04da9bb\" data-element_type=\"widget\" data-e-type=\"widget\" data-settings=\"{&quot;_animation&quot;:&quot;fadeIn&quot;}\" data-widget_type=\"houzez_elementor_section_title.default\">\n\t\t\t\t<div class=\"elementor-widget-container\">\n\t\t\t\t\t            <div class=\"houzez_section_title_wrap section-title-module\">\n                                    <h2 class=\"houzez_section_title\">Skaitykite m\u016bs\u0173 bloge<\/h2>\n                \n                            <\/div>\n            \t\t\t\t<\/div>\n\t\t\t\t<\/div>\n\t\t\t\t<section class=\"elementor-section elementor-inner-section elementor-element elementor-element-1ee1e99 elementor-section-boxed elementor-section-height-default elementor-section-height-default\" data-id=\"1ee1e99\" data-element_type=\"section\" data-e-type=\"section\">\n\t\t\t\t\t\t<div class=\"elementor-container elementor-column-gap-default\">\n\t\t\t\t\t<div class=\"elementor-column elementor-col-100 elementor-inner-column elementor-element elementor-element-2d41ad6\" data-id=\"2d41ad6\" data-element_type=\"column\" data-e-type=\"column\">\n\t\t\t<div class=\"elementor-widget-wrap elementor-element-populated\">\n\t\t\t\t\t\t<div class=\"elementor-element elementor-element-b10f709 elementor-widget elementor-widget-houzez_elementor_blog_posts\" data-id=\"b10f709\" data-element_type=\"widget\" data-e-type=\"widget\" data-widget_type=\"houzez_elementor_blog_posts.default\">\n\t\t\t\t<div class=\"elementor-widget-container\">\n\t\t\t\t\t\n        <div class=\"blog-posts-module blog-posts-module-v2\">\n            <div class=\"row module-row\">\n                                    <div class=\"col-lg-3 col-md-6\">\n                        <div id=\"post-17916\" class=\"blog-post-item blog-post-item-v2 post-17916 post type-post status-publish format-standard has-post-thumbnail hentry category-uncategorized-lt\">\n\t\n\t\t<div class=\"blog-post-thumb\">\n\t\t<a href=\"https:\/\/jurarealestate.com\/lt\/kodel-verta-investuoti-i-pietu-kipra\/\" class=\"hover-effect\">\n\t\t\t<img decoding=\"async\" width=\"780\" height=\"780\" src=\"https:\/\/jurarealestate.com\/wp-content\/uploads\/2024\/05\/eyJpZGVudGlmaWVyIjoyMzE0OTksInR5cGUiOiJhc3NldCJ9-780x780.webp\" class=\"img-fluid wp-post-image\" alt=\"\" srcset=\"https:\/\/jurarealestate.com\/wp-content\/uploads\/2024\/05\/eyJpZGVudGlmaWVyIjoyMzE0OTksInR5cGUiOiJhc3NldCJ9-780x780.webp 780w, https:\/\/jurarealestate.com\/wp-content\/uploads\/2024\/05\/eyJpZGVudGlmaWVyIjoyMzE0OTksInR5cGUiOiJhc3NldCJ9-150x150.webp 150w\" sizes=\"(max-width: 780px) 100vw, 780px\" \/>\t\t<\/a>\n\t<\/div><!-- blog-post-thumb -->\n\t\n\t<div class=\"blog-post-content-wrap with-no-author\">\n\t\t<div class=\"blog-post-meta\">\n\t\t\t<ul class=\"list-inline\">\n\t\t\t\t\n\t\t\t\t\t\t\t<\/ul>\n\t\t<\/div><!-- blog-post-meta -->\n\t\t<div class=\"blog-post-title\">\n\t\t\t<h3><a href=\"https:\/\/jurarealestate.com\/lt\/kodel-verta-investuoti-i-pietu-kipra\/\">Kod\u0117l verta investuoti \u012f Piet\u0173 Kipr\u0105?<\/a><\/h3>\n\t\t<\/div><!-- blog-post-title -->\n\t<\/div><!-- blog-post-content-wrap -->\n\t<\/div><!-- blog-post-item -->                    <\/div>\n                            <\/div>\n        <\/div>\n\n        \t\t\t\t<\/div>\n\t\t\t\t<\/div>\n\t\t\t\t\t<\/div>\n\t\t<\/div>\n\t\t\t\t\t<\/div>\n\t\t<\/section>\n\t\t\t\t\t<\/div>\n\t\t<\/div>\n\t\t\t\t\t<\/div>\n\t\t<\/section>\n\t\t\t\t<section class=\"elementor-section elementor-top-section elementor-element elementor-element-dcb9a9c elementor-section-content-middle elementor-section-stretched elementor-section-full_width elementor-section-height-default elementor-section-height-default\" data-id=\"dcb9a9c\" data-element_type=\"section\" data-e-type=\"section\" data-settings=\"{&quot;stretch_section&quot;:&quot;section-stretched&quot;,&quot;background_background&quot;:&quot;classic&quot;}\">\n\t\t\t\t\t\t\t<div class=\"elementor-background-overlay\"><\/div>\n\t\t\t\t\t\t\t<div class=\"elementor-container elementor-column-gap-wide\">\n\t\t\t\t\t<div class=\"elementor-column elementor-col-100 elementor-top-column elementor-element elementor-element-e550c9a\" data-id=\"e550c9a\" data-element_type=\"column\" data-e-type=\"column\">\n\t\t\t<div class=\"elementor-widget-wrap elementor-element-populated\">\n\t\t\t\t\t\t<section class=\"elementor-section elementor-inner-section elementor-element elementor-element-b2612dc elementor-section-boxed elementor-section-height-default elementor-section-height-default\" data-id=\"b2612dc\" data-element_type=\"section\" data-e-type=\"section\">\n\t\t\t\t\t\t<div class=\"elementor-container elementor-column-gap-extended\">\n\t\t\t\t\t<div class=\"elementor-column elementor-col-100 elementor-inner-column elementor-element elementor-element-4328968\" data-id=\"4328968\" data-element_type=\"column\" data-e-type=\"column\">\n\t\t\t<div class=\"elementor-widget-wrap elementor-element-populated\">\n\t\t\t\t\t\t<div class=\"elementor-element elementor-element-2752dba animated-slow elementor-invisible elementor-widget elementor-widget-houzez_elementor_section_title\" data-id=\"2752dba\" data-element_type=\"widget\" data-e-type=\"widget\" data-settings=\"{&quot;_animation&quot;:&quot;fadeIn&quot;}\" data-widget_type=\"houzez_elementor_section_title.default\">\n\t\t\t\t<div class=\"elementor-widget-container\">\n\t\t\t\t\t            <div class=\"houzez_section_title_wrap section-title-module\">\n                                    <h2 class=\"houzez_section_title\">Atsiliepimai<\/h2>\n                \n                            <\/div>\n            \t\t\t\t<\/div>\n\t\t\t\t<\/div>\n\t\t\t\t<div class=\"elementor-element elementor-element-91b1f9e animated-slow elementor-invisible elementor-widget elementor-widget-houzez_elementor_testimonials_v2\" data-id=\"91b1f9e\" data-element_type=\"widget\" data-e-type=\"widget\" data-settings=\"{&quot;_animation&quot;:&quot;fadeIn&quot;}\" data-widget_type=\"houzez_elementor_testimonials_v2.default\">\n\t\t\t\t<div class=\"elementor-widget-container\">\n\t\t\t\t\t\n            <div class=\"testimonials-module testimonials-module-v2\">\n                <div class=\"row\">\n                    \n                            <div class=\"col-md-4 col-sm-12\">\n                                <div class=\"testimonial-item testimonial-item-v2\">\n\t<div class=\"testimonial-icon\">\n\t\t<i class=\"houzez-icon icon-close-quote\"><\/i>\n\t<\/div><!-- testimonial-icon -->\n\t<div class=\"testimonial-body\">\n\t\tJ\u016brate, d\u0117kojame u\u017e visus m\u016bs\u0173 vis\u0173 labui nuveiktus darbus.Retas kas taip nuo\u0161ird\u017eiai, neatlygintinai ir negail\u0117damas savo laiko r\u016bpint\u0173si bendrais reikalais.Didelis A\u010cI\u016a dar kart\u0105 ir s\u0117km\u0117s!!! \ud83e\udd70\t<\/div><!-- testimonial-body -->\n\t<div class=\"d-flex align-items-center\">\n\t\t\n\t\t\t        <div class=\"testimonial-thumb\">\n\t            <img decoding=\"async\" width=\"70\" height=\"70\" src=\"https:\/\/jurarealestate.com\/wp-content\/uploads\/2024\/06\/atsiliepimas-150x150.jpeg\" class=\"img-fluid rounded-circle\" alt=\"\" srcset=\"https:\/\/jurarealestate.com\/wp-content\/uploads\/2024\/06\/atsiliepimas-150x150.jpeg 150w, https:\/\/jurarealestate.com\/wp-content\/uploads\/2024\/06\/atsiliepimas-298x300.jpeg 298w, https:\/\/jurarealestate.com\/wp-content\/uploads\/2024\/06\/atsiliepimas-768x772.jpeg 768w, https:\/\/jurarealestate.com\/wp-content\/uploads\/2024\/06\/atsiliepimas-780x780.jpeg 780w, https:\/\/jurarealestate.com\/wp-content\/uploads\/2024\/06\/atsiliepimas-597x600.jpeg 597w, https:\/\/jurarealestate.com\/wp-content\/uploads\/2024\/06\/atsiliepimas-496x499.jpeg 496w, https:\/\/jurarealestate.com\/wp-content\/uploads\/2024\/06\/atsiliepimas.jpeg 955w\" sizes=\"(max-width: 70px) 100vw, 70px\" \/>\t        <\/div>\n\t    \t\n\n\t\t<div class=\"testimonial-info\">\n\t\t\t<div class=\"testimonial-name\">Laima<\/div>\n\t\t\t<div class=\"testimonial-job\">\n\t\t\t\t\t\t\t<\/div>\n\t\t<\/div><!-- testimonial-info -->\n\t<\/div><!-- d-flex -->\n<\/div><!-- testimonial-item -->                            <\/div>\n                    \n                            <div class=\"col-md-4 col-sm-12\">\n                                <div class=\"testimonial-item testimonial-item-v2\">\n\t<div class=\"testimonial-icon\">\n\t\t<i class=\"houzez-icon icon-close-quote\"><\/i>\n\t<\/div><!-- testimonial-icon -->\n\t<div class=\"testimonial-body\">\n\t\tTeko bendrauti su J\u016brate kaip nekilnojamojo turto agente perkant but\u0105 Palangoje ir tas bendravimas paliko pa\u010dius \u0161il\u010diausius prisiminimus, nes ji puikiai i\u0161mano savo darb\u0105, maloniai bendrauja. Per j\u0105 \u012fsigytu butu esu patenkinta. Po kurio laiko Kaune parduodama i\u0161 t\u0117v\u0173 paveld\u0117t\u0105 but\u0105 J\u016brat\u0119 rekomendavau sandor\u012f forminusiai notarei, kuri taip pat J\u016brat\u0117s padedama \u012fsigijo Palangoje but\u0105 ir liko patenkinta jos darbu.\t<\/div><!-- testimonial-body -->\n\t<div class=\"d-flex align-items-center\">\n\t\t\n\t\t\t        <div class=\"testimonial-thumb\">\n\t            <img loading=\"lazy\" decoding=\"async\" width=\"70\" height=\"70\" src=\"https:\/\/jurarealestate.com\/wp-content\/uploads\/2024\/06\/atsiliepimas-2-150x150.jpeg\" class=\"img-fluid rounded-circle\" alt=\"\" srcset=\"https:\/\/jurarealestate.com\/wp-content\/uploads\/2024\/06\/atsiliepimas-2-150x150.jpeg 150w, https:\/\/jurarealestate.com\/wp-content\/uploads\/2024\/06\/atsiliepimas-2-780x780.jpeg 780w\" sizes=\"(max-width: 70px) 100vw, 70px\" \/>\t        <\/div>\n\t    \t\n\n\t\t<div class=\"testimonial-info\">\n\t\t\t<div class=\"testimonial-name\">Tatjana<\/div>\n\t\t\t<div class=\"testimonial-job\">\n\t\t\t\t\t\t\t<\/div>\n\t\t<\/div><!-- testimonial-info -->\n\t<\/div><!-- d-flex -->\n<\/div><!-- testimonial-item -->                            <\/div>\n                    \n                            <div class=\"col-md-4 col-sm-12\">\n                                <div class=\"testimonial-item testimonial-item-v2\">\n\t<div class=\"testimonial-icon\">\n\t\t<i class=\"houzez-icon icon-close-quote\"><\/i>\n\t<\/div><!-- testimonial-icon -->\n\t<div class=\"testimonial-body\">\n\t\tTiek b\u016bsto pirkimas,  tiek  pardavimas yra  daugeliui  i\u0161 m\u016bs\u0173  labai svarbus. Didel\u0117  s\u0117km\u0117 sutikti \u017emog\u0173, kuris  pad\u0117t\u0173, patart\u0173 pasirinkimuose.  J\u016brat\u0117  - puikios kvalifikacijos, bei auk\u0161tos kompetencijos specialist\u0117. Nuolatinis mokym\u0105sis, profesinis tobul\u0117jimas - tai J\u016brat\u0117.  Matyt svarbiausia, tai  darbas \u0161irdimi. J\u016brate, kuo did\u017eiausios Tau sekm\u0117s ir stipryb\u0117s!\t<\/div><!-- testimonial-body -->\n\t<div class=\"d-flex align-items-center\">\n\t\t\n\t\t\t        <div class=\"testimonial-thumb\">\n\t            <img loading=\"lazy\" decoding=\"async\" width=\"70\" height=\"70\" src=\"https:\/\/jurarealestate.com\/wp-content\/uploads\/2024\/06\/WhatsApp-Image-2024-06-24-at-11.54.06-150x150.jpeg\" class=\"img-fluid rounded-circle\" alt=\"\" srcset=\"https:\/\/jurarealestate.com\/wp-content\/uploads\/2024\/06\/WhatsApp-Image-2024-06-24-at-11.54.06-150x150.jpeg 150w, https:\/\/jurarealestate.com\/wp-content\/uploads\/2024\/06\/WhatsApp-Image-2024-06-24-at-11.54.06-300x300.jpeg 300w, https:\/\/jurarealestate.com\/wp-content\/uploads\/2024\/06\/WhatsApp-Image-2024-06-24-at-11.54.06-768x769.jpeg 768w, https:\/\/jurarealestate.com\/wp-content\/uploads\/2024\/06\/WhatsApp-Image-2024-06-24-at-11.54.06-780x780.jpeg 780w, https:\/\/jurarealestate.com\/wp-content\/uploads\/2024\/06\/WhatsApp-Image-2024-06-24-at-11.54.06-599x600.jpeg 599w, https:\/\/jurarealestate.com\/wp-content\/uploads\/2024\/06\/WhatsApp-Image-2024-06-24-at-11.54.06-496x497.jpeg 496w, https:\/\/jurarealestate.com\/wp-content\/uploads\/2024\/06\/WhatsApp-Image-2024-06-24-at-11.54.06.jpeg 959w\" sizes=\"(max-width: 70px) 100vw, 70px\" \/>\t        <\/div>\n\t    \t\n\n\t\t<div class=\"testimonial-info\">\n\t\t\t<div class=\"testimonial-name\">Vidut\u0117<\/div>\n\t\t\t<div class=\"testimonial-job\">\n\t\t\t\t\t\t\t<\/div>\n\t\t<\/div><!-- testimonial-info -->\n\t<\/div><!-- d-flex -->\n<\/div><!-- testimonial-item -->                            <\/div>\n                                    <\/div>\n            <\/div><!-- testimonials-module -->\n\n        \n\n        \t\t\t\t<\/div>\n\t\t\t\t<\/div>\n\t\t\t\t\t<\/div>\n\t\t<\/div>\n\t\t\t\t\t<\/div>\n\t\t<\/section>\n\t\t\t\t\t<\/div>\n\t\t<\/div>\n\t\t\t\t\t<\/div>\n\t\t<\/section>\n\t\t\t\t<\/div>\n\t\t","protected":false},"excerpt":{"rendered":"<p>Apie mus J\u016bs\u0173 nekilnojamo turto broker\u0117 &#8211; J\u016brat\u0117 Radzevi\u010di\u016bt\u0117 J\u016brat\u0117 Radzevi\u010di\u016bt\u0117 yra kvalifikuota nekilnojamojo turto ekspert\u0117, nuo 2014 m. atstovaujanti \u201eJura Real Estate\u201c prek\u0117s \u017eenklui Lietuvoje. Tur\u0117dama didel\u0119 patirt\u012f, unikalias pardavimo galimybes ir gerus deryb\u0173 \u012fg\u016bd\u017eius, ji savo klientams teikia auk\u0161tos kokyb\u0117s paslaugas. Nesvarbu, ar tai b\u016bt\u0173 j\u0173 nekilnojamojo turto pardavimas, ar konsultacijos d\u0117l naujo [&hellip;]<\/p>\n","protected":false},"author":1,"featured_media":0,"parent":0,"menu_order":0,"comment_status":"closed","ping_status":"closed","template":"template\/template-homepage.php","meta":{"footnotes":""},"class_list":["post-17921","page","type-page","status-publish","hentry"],"aioseo_notices":[],"_links":{"self":[{"href":"https:\/\/jurarealestate.com\/lt\/wp-json\/wp\/v2\/pages\/17921","targetHints":{"allow":["GET"]}}],"collection":[{"href":"https:\/\/jurarealestate.com\/lt\/wp-json\/wp\/v2\/pages"}],"about":[{"href":"https:\/\/jurarealestate.com\/lt\/wp-json\/wp\/v2\/types\/page"}],"author":[{"embeddable":true,"href":"https:\/\/jurarealestate.com\/lt\/wp-json\/wp\/v2\/users\/1"}],"replies":[{"embeddable":true,"href":"https:\/\/jurarealestate.com\/lt\/wp-json\/wp\/v2\/comments?post=17921"}],"version-history":[{"count":20,"href":"https:\/\/jurarealestate.com\/lt\/wp-json\/wp\/v2\/pages\/17921\/revisions"}],"predecessor-version":[{"id":18129,"href":"https:\/\/jurarealestate.com\/lt\/wp-json\/wp\/v2\/pages\/17921\/revisions\/18129"}],"wp:attachment":[{"href":"https:\/\/jurarealestate.com\/lt\/wp-json\/wp\/v2\/media?parent=17921"}],"curies":[{"name":"wp","href":"https:\/\/api.w.org\/{rel}","templated":true}]}}