{"id":17859,"date":"2024-05-22T07:27:17","date_gmt":"2024-05-22T07:27:17","guid":{"rendered":"https:\/\/jurarealestate.com\/klausimynas\/"},"modified":"2024-06-26T08:03:48","modified_gmt":"2024-06-26T08:03:48","slug":"klausimynas","status":"publish","type":"page","link":"https:\/\/jurarealestate.com\/lt\/klausimynas\/","title":{"rendered":"Klausimynas"},"content":{"rendered":"\t\t<div data-elementor-type=\"wp-page\" data-elementor-id=\"17859\" class=\"elementor elementor-17859 elementor-17591\">\n\t\t\t\t<div class=\"elementor-element elementor-element-816b17a e-flex e-con-boxed e-con e-parent\" data-id=\"816b17a\" data-element_type=\"container\" data-e-type=\"container\">\n\t\t\t\t\t<div class=\"e-con-inner\">\n\t\t\t\t<div class=\"elementor-element elementor-element-3f72d1c elementor-widget elementor-widget-heading\" data-id=\"3f72d1c\" data-element_type=\"widget\" data-e-type=\"widget\" data-widget_type=\"heading.default\">\n\t\t\t\t<div class=\"elementor-widget-container\">\n\t\t\t\t\t<h2 class=\"elementor-heading-title elementor-size-default\">Klausimynas<\/h2>\t\t\t\t<\/div>\n\t\t\t\t<\/div>\n\t\t\t\t\t<\/div>\n\t\t\t\t<\/div>\n\t\t<div class=\"elementor-element elementor-element-ddd81ba e-flex e-con-boxed e-con e-parent\" data-id=\"ddd81ba\" data-element_type=\"container\" data-e-type=\"container\">\n\t\t\t\t\t<div class=\"e-con-inner\">\n\t\t\t\t<div class=\"elementor-element elementor-element-0f7d328 elementor-widget elementor-widget-wpforms\" data-id=\"0f7d328\" data-element_type=\"widget\" data-e-type=\"widget\" data-widget_type=\"wpforms.default\">\n\t\t\t\t<div class=\"elementor-widget-container\">\n\t\t\t\t\t<div class=\"wpforms-container wpforms-container-full wpforms-render-modern\" id=\"wpforms-17594\"><form id=\"wpforms-form-17594\" class=\"wpforms-validate wpforms-form wpforms-ajax-form\" data-formid=\"17594\" method=\"post\" enctype=\"multipart\/form-data\" action=\"\/lt\/wp-json\/wp\/v2\/pages\/17859\" data-token=\"9661c7ff94a2dd3d0995e7bb92b96003\" data-token-time=\"1777611321\"><noscript class=\"wpforms-error-noscript\">Please enable JavaScript in your browser to complete this form.<\/noscript><div id=\"wpforms-error-noscript\" style=\"display: none;\">Please enable JavaScript in your browser to complete this form.<\/div><div class=\"wpforms-field-container\"><div id=\"wpforms-17594-field_1-container\" class=\"wpforms-field wpforms-field-select wpforms-field-select-style-classic\" data-field-id=\"1\"><label class=\"wpforms-field-label\" for=\"wpforms-17594-field_1\">Kokio tipo b\u016bsto ie\u0161kote?<\/label><select id=\"wpforms-17594-field_1\" class=\"wpforms-field-large\" name=\"wpforms[fields][1]\"><option value=\"\" class=\"placeholder\" disabled  selected='selected'>Pasirinkite<\/option><option value=\"Namas\"  class=\"choice-1 depth-1\"  >Namas<\/option><option value=\"Apartamentai\"  class=\"choice-2 depth-1\"  >Apartamentai<\/option><option value=\"Vila\"  class=\"choice-3 depth-1\"  >Vila<\/option><option value=\"Kita\"  class=\"choice-4 depth-1\"  >Kita<\/option><\/select><\/div><div id=\"wpforms-17594-field_3-container\" class=\"wpforms-field wpforms-field-text\" data-field-id=\"3\"><label class=\"wpforms-field-label\" for=\"wpforms-17594-field_3\">Kokie yra j\u016bs\u0173 biud\u017eeto r\u0117\u017eiai b\u016bstui?<\/label><input type=\"text\" id=\"wpforms-17594-field_3\" class=\"wpforms-field-large\" name=\"wpforms[fields][3]\" aria-errormessage=\"wpforms-17594-field_3-error\" ><\/div><div id=\"wpforms-17594-field_22-container\" class=\"wpforms-field wpforms-field-text\" data-field-id=\"22\"><label class=\"wpforms-field-label\" for=\"wpforms-17594-field_22\">Kokiame mieste nor\u0117tum\u0117t \u012fsigyti b\u016bst\u0105?<\/label><input type=\"text\" id=\"wpforms-17594-field_22\" class=\"wpforms-field-large\" name=\"wpforms[fields][22]\" aria-errormessage=\"wpforms-17594-field_22-error\" ><\/div><div id=\"wpforms-17594-field_4-container\" class=\"wpforms-field wpforms-field-text\" data-field-id=\"4\"><label class=\"wpforms-field-label\" for=\"wpforms-17594-field_4\">Ar turite nusimat\u0119 preliuminari\u0105 viet\u0105, kurioje ie\u0161kote b\u016bsto?<\/label><input type=\"text\" id=\"wpforms-17594-field_4\" class=\"wpforms-field-large\" name=\"wpforms[fields][4]\" aria-errormessage=\"wpforms-17594-field_4-error\" ><\/div><div id=\"wpforms-17594-field_2-container\" class=\"wpforms-field wpforms-field-select wpforms-field-select-style-classic\" data-field-id=\"2\"><label class=\"wpforms-field-label\" for=\"wpforms-17594-field_2\">Ie\u0161kote b\u016bsto su vaizdu \u012f j\u016br\u0105?<\/label><select id=\"wpforms-17594-field_2\" class=\"wpforms-field-large\" name=\"wpforms[fields][2]\"><option value=\"\" class=\"placeholder\" disabled  selected='selected'>Pasirinkite<\/option><option value=\"Taip\"  class=\"choice-1 depth-1\"  >Taip<\/option><option value=\"Ne\"  class=\"choice-2 depth-1\"  >Ne<\/option><option value=\"Nesvarbu\"  class=\"choice-3 depth-1\"  >Nesvarbu<\/option><\/select><\/div><div id=\"wpforms-17594-field_5-container\" class=\"wpforms-field wpforms-field-select wpforms-field-select-style-classic\" data-field-id=\"5\"><label class=\"wpforms-field-label\" for=\"wpforms-17594-field_5\">Ie\u0161kote b\u016bsto gyvenimui ar investicijai?<\/label><select id=\"wpforms-17594-field_5\" class=\"wpforms-field-large\" name=\"wpforms[fields][5]\"><option value=\"\" class=\"placeholder\" disabled  selected='selected'>Pasirinkite<\/option><option value=\"Gyvenimui\"  class=\"choice-1 depth-1\"  >Gyvenimui<\/option><option value=\"Investicijai\"  class=\"choice-2 depth-1\"  >Investicijai<\/option><\/select><\/div><div id=\"wpforms-17594-field_6-container\" class=\"wpforms-field wpforms-field-text\" data-field-id=\"6\"><label class=\"wpforms-field-label\" for=\"wpforms-17594-field_6\">Kiek miegam\u0173j\u0173 ir vonios kambari\u0173 jums reikalinga?<\/label><input type=\"text\" id=\"wpforms-17594-field_6\" class=\"wpforms-field-large\" name=\"wpforms[fields][6]\" aria-errormessage=\"wpforms-17594-field_6-error\" ><\/div><div id=\"wpforms-17594-field_7-container\" class=\"wpforms-field wpforms-field-text\" data-field-id=\"7\"><label class=\"wpforms-field-label\" for=\"wpforms-17594-field_7\">Ar turite speciali\u0173 \u012frangos pageidavim\u0173 renkantis b\u016bst\u0105?<\/label><input type=\"text\" id=\"wpforms-17594-field_7\" class=\"wpforms-field-large\" name=\"wpforms[fields][7]\" aria-errormessage=\"wpforms-17594-field_7-error\" ><\/div><div id=\"wpforms-17594-field_8-container\" class=\"wpforms-field wpforms-field-text\" data-field-id=\"8\"><label class=\"wpforms-field-label\" for=\"wpforms-17594-field_8\">Ar j\u016bs svarstytum\u0117te objektus, kurie reikalauja renovacijos?<\/label><input type=\"text\" id=\"wpforms-17594-field_8\" class=\"wpforms-field-large\" name=\"wpforms[fields][8]\" aria-errormessage=\"wpforms-17594-field_8-error\" ><\/div><div id=\"wpforms-17594-field_9-container\" class=\"wpforms-field wpforms-field-text\" data-field-id=\"9\"><label class=\"wpforms-field-label\" for=\"wpforms-17594-field_9\">Koks yra j\u016bs\u0173 pageidaujamas laikas \u012fsigyti b\u016bst\u0105?<\/label><input type=\"text\" id=\"wpforms-17594-field_9\" class=\"wpforms-field-large\" name=\"wpforms[fields][9]\" aria-errormessage=\"wpforms-17594-field_9-error\" ><\/div><div id=\"wpforms-17594-field_10-container\" class=\"wpforms-field wpforms-field-text\" data-field-id=\"10\"><label class=\"wpforms-field-label\" for=\"wpforms-17594-field_10\">B\u016bst\u0105 \u012fsigysite su b\u016bsto paskola ar planuojate apmok\u0117ti vis\u0105 sum\u0105 i\u0161 karto?<\/label><input type=\"text\" id=\"wpforms-17594-field_10\" class=\"wpforms-field-large\" name=\"wpforms[fields][10]\" aria-errormessage=\"wpforms-17594-field_10-error\" ><\/div><div id=\"wpforms-17594-field_11-container\" class=\"wpforms-field wpforms-field-text\" data-field-id=\"11\"><label class=\"wpforms-field-label\" for=\"wpforms-17594-field_11\">Ar turite speciali\u0173 teisini\u0173 pageidavim\u0173 (pvz.: leidimai gyventi, mokes\u010di\u0173 klausimai)?<\/label><input type=\"text\" id=\"wpforms-17594-field_11\" class=\"wpforms-field-large\" name=\"wpforms[fields][11]\" aria-errormessage=\"wpforms-17594-field_11-error\" ><\/div><div id=\"wpforms-17594-field_12-container\" class=\"wpforms-field wpforms-field-text\" data-field-id=\"12\"><label class=\"wpforms-field-label\" for=\"wpforms-17594-field_12\">Ar turite nusimat\u0119 norim\u0105 objekto dyd\u012f kvadratiniais metrais?<\/label><input type=\"text\" id=\"wpforms-17594-field_12\" class=\"wpforms-field-large\" name=\"wpforms[fields][12]\" aria-errormessage=\"wpforms-17594-field_12-error\" ><\/div><div id=\"wpforms-17594-field_13-container\" class=\"wpforms-field wpforms-field-text\" data-field-id=\"13\"><label class=\"wpforms-field-label\" for=\"wpforms-17594-field_13\">Ar turite speciali\u0173 architekt\u016brini\u0173 ar stiliaus pageidavim\u0173?<\/label><input type=\"text\" id=\"wpforms-17594-field_13\" class=\"wpforms-field-large\" name=\"wpforms[fields][13]\" aria-errormessage=\"wpforms-17594-field_13-error\" ><\/div><div id=\"wpforms-17594-field_14-container\" class=\"wpforms-field wpforms-field-text\" data-field-id=\"14\"><label class=\"wpforms-field-label\" for=\"wpforms-17594-field_14\">Kokia yra j\u016bs\u0173 pagridin\u0117 b\u016bsto pirkimo prie\u017eastis (pvz.: persikraustymas, seno b\u016bsto atnaujinimas)?<\/label><input type=\"text\" id=\"wpforms-17594-field_14\" class=\"wpforms-field-large\" name=\"wpforms[fields][14]\" aria-errormessage=\"wpforms-17594-field_14-error\" ><\/div><div id=\"wpforms-17594-field_15-container\" class=\"wpforms-field wpforms-field-text\" data-field-id=\"15\"><label class=\"wpforms-field-label\" for=\"wpforms-17594-field_15\">Ar turite speciali\u0173 pageidavim\u0173 d\u0117l mokykl\u0173, vie\u0161ojo transporto ar kit\u0173 patogum\u0173? <\/label><input type=\"text\" id=\"wpforms-17594-field_15\" class=\"wpforms-field-large\" name=\"wpforms[fields][15]\" aria-errormessage=\"wpforms-17594-field_15-error\" ><\/div><div id=\"wpforms-17594-field_16-container\" class=\"wpforms-field wpforms-field-text\" data-field-id=\"16\"><label class=\"wpforms-field-label\" for=\"wpforms-17594-field_16\">Ar esate neseniai \u012fsigij\u0119s turto Kipre ar kitoje valstyb\u0117je?<\/label><input type=\"text\" id=\"wpforms-17594-field_16\" class=\"wpforms-field-large\" name=\"wpforms[fields][16]\" aria-errormessage=\"wpforms-17594-field_16-error\" ><\/div><div id=\"wpforms-17594-field_18-container\" class=\"wpforms-field wpforms-field-select wpforms-field-select-style-classic\" data-field-id=\"18\"><label class=\"wpforms-field-label\" for=\"wpforms-17594-field_18\">Ar \u0161iuo metu turite nekilnojamo turto Kipre?<\/label><select id=\"wpforms-17594-field_18\" class=\"wpforms-field-large\" name=\"wpforms[fields][18]\"><option value=\"\" class=\"placeholder\" disabled  selected='selected'>Pasirinkite<\/option><option value=\"Taip\"  class=\"choice-1 depth-1\"  >Taip<\/option><option value=\"Ne\"  class=\"choice-2 depth-1\"  >Ne<\/option><\/select><\/div><div id=\"wpforms-17594-field_19-container\" class=\"wpforms-field wpforms-field-select wpforms-field-select-style-classic\" data-field-id=\"19\"><label class=\"wpforms-field-label\" for=\"wpforms-17594-field_19\">Are you interested in any additional services such as property management or rental assistance?<\/label><select id=\"wpforms-17594-field_19\" class=\"wpforms-field-large\" name=\"wpforms[fields][19]\"><option value=\"\" class=\"placeholder\" disabled  selected='selected'>Choose one<\/option><option value=\"Yes\"  class=\"choice-1 depth-1\"  >Yes<\/option><option value=\"No\"  class=\"choice-2 depth-1\"  >No<\/option><\/select><\/div><div id=\"wpforms-17594-field_17-container\" class=\"wpforms-field wpforms-field-text\" data-field-id=\"17\"><label class=\"wpforms-field-label\" for=\"wpforms-17594-field_17\">Are there any specific cultural or lifestyle preferences you would like to consider in your property search?<\/label><input type=\"text\" id=\"wpforms-17594-field_17\" class=\"wpforms-field-large\" name=\"wpforms[fields][17]\" aria-errormessage=\"wpforms-17594-field_17-error\" ><\/div><div id=\"wpforms-17594-field_20-container\" class=\"wpforms-field wpforms-field-text\" data-field-id=\"20\"><label class=\"wpforms-field-label\" for=\"wpforms-17594-field_20\">Have you identified any potential challenges or concerns related to the property purchase?<\/label><input type=\"text\" id=\"wpforms-17594-field_20\" class=\"wpforms-field-large\" name=\"wpforms[fields][20]\" aria-errormessage=\"wpforms-17594-field_20-error\" ><\/div><div id=\"wpforms-17594-field_21-container\" class=\"wpforms-field wpforms-field-text\" data-field-id=\"21\"><label class=\"wpforms-field-label\" for=\"wpforms-17594-field_21\">Is there any other information or criteria you would like us to consider in finding your ideal property?<\/label><input type=\"text\" id=\"wpforms-17594-field_21\" class=\"wpforms-field-large\" name=\"wpforms[fields][21]\" aria-errormessage=\"wpforms-17594-field_21-error\" ><\/div><div id=\"wpforms-17594-field_23-container\" class=\"wpforms-field wpforms-field-text\" data-field-id=\"23\"><label class=\"wpforms-field-label\" for=\"wpforms-17594-field_23\">Have you visited Cyprus before?<\/label><input type=\"text\" id=\"wpforms-17594-field_23\" class=\"wpforms-field-large\" name=\"wpforms[fields][23]\" aria-errormessage=\"wpforms-17594-field_23-error\" ><\/div><div id=\"wpforms-17594-field_25-container\" class=\"wpforms-field wpforms-field-text\" data-field-id=\"25\"><label class=\"wpforms-field-label\" for=\"wpforms-17594-field_25\">We can organize  2-3 days tour and properties viewings in Cyprus, Larnaca, Paphos, Ayia Napa what cost 1000\u20ac. If you buy property from us then 1.000\u20ac will be refundable from the final purchase price of the property. Do you like to have 2-3 days tour and viewing in Cyprus?<\/label><input type=\"text\" id=\"wpforms-17594-field_25\" class=\"wpforms-field-large\" name=\"wpforms[fields][25]\" aria-errormessage=\"wpforms-17594-field_25-error\" ><\/div><\/div><!-- .wpforms-field-container --><div class=\"wpforms-submit-container\" ><input type=\"hidden\" name=\"wpforms[id]\" value=\"17594\"><input type=\"hidden\" name=\"page_title\" value=\"\"><input type=\"hidden\" name=\"page_url\" value=\"https:\/\/jurarealestate.com\/lt\/wp-json\/wp\/v2\/pages\/17859\"><input type=\"hidden\" name=\"url_referer\" value=\"\"><button type=\"submit\" name=\"wpforms[submit]\" id=\"wpforms-submit-17594\" class=\"wpforms-submit\" data-alt-text=\"Siun\u010diama\" data-submit-text=\"Si\u0173sti\" aria-live=\"assertive\" value=\"wpforms-submit\">Si\u0173sti<\/button><img decoding=\"async\" src=\"https:\/\/jurarealestate.com\/wp-content\/plugins\/wpforms-lite\/assets\/images\/submit-spin.svg\" class=\"wpforms-submit-spinner\" style=\"display: none;\" width=\"26\" height=\"26\" alt=\"Loading\"><\/div><\/form><\/div>  <!-- .wpforms-container -->\t\t\t\t<\/div>\n\t\t\t\t<\/div>\n\t\t\t\t\t<\/div>\n\t\t\t\t<\/div>\n\t\t\t\t<\/div>\n\t\t","protected":false},"excerpt":{"rendered":"<p>Klausimynas Please enable JavaScript in your browser to complete this form.Please enable JavaScript in your browser to complete this form.What type of property are you looking for? Choose oneHouseApartmentVillaOtherWhat is your budget range for the property?In which city you prefer to purchase real estate?What specific location or area are you interested in?Are you looking for [&hellip;]<\/p>\n","protected":false},"author":1,"featured_media":0,"parent":0,"menu_order":0,"comment_status":"closed","ping_status":"closed","template":"elementor_header_footer","meta":{"footnotes":""},"class_list":["post-17859","page","type-page","status-publish","hentry"],"aioseo_notices":[],"_links":{"self":[{"href":"https:\/\/jurarealestate.com\/lt\/wp-json\/wp\/v2\/pages\/17859","targetHints":{"allow":["GET"]}}],"collection":[{"href":"https:\/\/jurarealestate.com\/lt\/wp-json\/wp\/v2\/pages"}],"about":[{"href":"https:\/\/jurarealestate.com\/lt\/wp-json\/wp\/v2\/types\/page"}],"author":[{"embeddable":true,"href":"https:\/\/jurarealestate.com\/lt\/wp-json\/wp\/v2\/users\/1"}],"replies":[{"embeddable":true,"href":"https:\/\/jurarealestate.com\/lt\/wp-json\/wp\/v2\/comments?post=17859"}],"version-history":[{"count":4,"href":"https:\/\/jurarealestate.com\/lt\/wp-json\/wp\/v2\/pages\/17859\/revisions"}],"predecessor-version":[{"id":18096,"href":"https:\/\/jurarealestate.com\/lt\/wp-json\/wp\/v2\/pages\/17859\/revisions\/18096"}],"wp:attachment":[{"href":"https:\/\/jurarealestate.com\/lt\/wp-json\/wp\/v2\/media?parent=17859"}],"curies":[{"name":"wp","href":"https:\/\/api.w.org\/{rel}","templated":true}]}}